{"id":8,"date":"2024-01-30T15:14:15","date_gmt":"2024-01-30T14:14:15","guid":{"rendered":"http:\/\/morbylanga-ungnytt.test\/?page_id=8"},"modified":"2026-04-13T10:56:23","modified_gmt":"2026-04-13T08:56:23","slug":"startsida","status":"publish","type":"page","link":"https:\/\/www.morbylanga.se\/ungnytt\/","title":{"rendered":"Startsida"},"content":{"rendered":"","protected":false},"excerpt":{"rendered":"","protected":false},"author":1,"featured_media":493,"parent":0,"menu_order":0,"comment_status":"closed","ping_status":"closed","template":"","meta":{"_acf_changed":false,"footnotes":""},"class_list":["post-8","page","type-page","status-publish","has-post-thumbnail","hentry"],"acf":[],"yoast_head":"<!-- This site is optimized with the Yoast SEO plugin v27.5 - https:\/\/yoast.com\/product\/yoast-seo-wordpress\/ -->\n<title>Startsida - UngNytt<\/title>\n<meta name=\"description\" content=\"Nyheter f\u00f6r och av unga! H\u00e4r hittar du nyheter, artiklar och aktiviteter f\u00f6r dig som \u00e4r ung och bor h\u00e4r i M\u00f6rbyl\u00e5nga kommun p\u00e5 \u00d6land.\" \/>\n<meta name=\"robots\" content=\"index, follow, max-snippet:-1, max-image-preview:large, max-video-preview:-1\" \/>\n<link rel=\"canonical\" href=\"https:\/\/www.morbylanga.se\/ungnytt\/\" \/>\n<meta property=\"og:locale\" content=\"sv_SE\" \/>\n<meta property=\"og:type\" content=\"article\" \/>\n<meta property=\"og:title\" content=\"Startsida - UngNytt\" \/>\n<meta property=\"og:description\" content=\"Nyheter f\u00f6r och av unga! H\u00e4r hittar du nyheter, artiklar och aktiviteter f\u00f6r dig som \u00e4r ung och bor h\u00e4r i M\u00f6rbyl\u00e5nga kommun p\u00e5 \u00d6land.\" \/>\n<meta property=\"og:url\" content=\"https:\/\/www.morbylanga.se\/ungnytt\/\" \/>\n<meta property=\"og:site_name\" content=\"UngNytt\" \/>\n<meta property=\"article:modified_time\" content=\"2026-04-13T08:56:23+00:00\" \/>\n<meta property=\"og:image\" content=\"https:\/\/www.morbylanga.se\/ungnytt\/wp-content\/uploads\/2024\/04\/28352818-multiethnic-young-people-guys-and-girls-laughing-and-scaled.jpg\" \/>\n\t<meta property=\"og:image:width\" content=\"2560\" \/>\n\t<meta property=\"og:image:height\" content=\"1707\" \/>\n\t<meta property=\"og:image:type\" content=\"image\/jpeg\" \/>\n<meta name=\"twitter:card\" content=\"summary_large_image\" \/>\n<meta name=\"twitter:label1\" content=\"Ber\u00e4knad l\u00e4stid\" \/>\n\t<meta name=\"twitter:data1\" content=\"1 minut\" \/>\n<script type=\"application\/ld+json\" class=\"yoast-schema-graph\">{\"@context\":\"https:\\\/\\\/schema.org\",\"@graph\":[{\"@type\":\"WebPage\",\"@id\":\"https:\\\/\\\/www.morbylanga.se\\\/ungnytt\\\/\",\"url\":\"https:\\\/\\\/www.morbylanga.se\\\/ungnytt\\\/\",\"name\":\"Startsida - UngNytt\",\"isPartOf\":{\"@id\":\"https:\\\/\\\/www.morbylanga.se\\\/ungnytt\\\/#website\"},\"primaryImageOfPage\":{\"@id\":\"https:\\\/\\\/www.morbylanga.se\\\/ungnytt\\\/#primaryimage\"},\"image\":{\"@id\":\"https:\\\/\\\/www.morbylanga.se\\\/ungnytt\\\/#primaryimage\"},\"thumbnailUrl\":\"https:\\\/\\\/www.morbylanga.se\\\/ungnytt\\\/wp-content\\\/uploads\\\/2024\\\/04\\\/28352818-multiethnic-young-people-guys-and-girls-laughing-and-scaled.jpg\",\"datePublished\":\"2024-01-30T14:14:15+00:00\",\"dateModified\":\"2026-04-13T08:56:23+00:00\",\"description\":\"Nyheter f\u00f6r och av unga! H\u00e4r hittar du nyheter, artiklar och aktiviteter f\u00f6r dig som \u00e4r ung och bor h\u00e4r i M\u00f6rbyl\u00e5nga kommun p\u00e5 \u00d6land.\",\"breadcrumb\":{\"@id\":\"https:\\\/\\\/www.morbylanga.se\\\/ungnytt\\\/#breadcrumb\"},\"inLanguage\":\"sv-SE\",\"potentialAction\":[{\"@type\":\"ReadAction\",\"target\":[\"https:\\\/\\\/www.morbylanga.se\\\/ungnytt\\\/\"]}]},{\"@type\":\"ImageObject\",\"inLanguage\":\"sv-SE\",\"@id\":\"https:\\\/\\\/www.morbylanga.se\\\/ungnytt\\\/#primaryimage\",\"url\":\"https:\\\/\\\/www.morbylanga.se\\\/ungnytt\\\/wp-content\\\/uploads\\\/2024\\\/04\\\/28352818-multiethnic-young-people-guys-and-girls-laughing-and-scaled.jpg\",\"contentUrl\":\"https:\\\/\\\/www.morbylanga.se\\\/ungnytt\\\/wp-content\\\/uploads\\\/2024\\\/04\\\/28352818-multiethnic-young-people-guys-and-girls-laughing-and-scaled.jpg\",\"width\":2560,\"height\":1707,\"caption\":\"Unga m\u00e4nniskor av olika etniciteter, b\u00e5de killar och tjejer, skrattar och ligger p\u00e5 en filt i en cirkel utomhus.\"},{\"@type\":\"BreadcrumbList\",\"@id\":\"https:\\\/\\\/www.morbylanga.se\\\/ungnytt\\\/#breadcrumb\",\"itemListElement\":[{\"@type\":\"ListItem\",\"position\":1,\"name\":\"Hem\",\"item\":\"https:\\\/\\\/www.morbylanga.se\\\/ungnytt\\\/\"},{\"@type\":\"ListItem\",\"position\":2,\"name\":\"Startsida\"}]},{\"@type\":\"WebSite\",\"@id\":\"https:\\\/\\\/www.morbylanga.se\\\/ungnytt\\\/#website\",\"url\":\"https:\\\/\\\/www.morbylanga.se\\\/ungnytt\\\/\",\"name\":\"UngNytt\",\"description\":\"Nyheter f\u00f6r och av unga i M\u00f6rbyl\u00e5nga kommun\",\"potentialAction\":[{\"@type\":\"SearchAction\",\"target\":{\"@type\":\"EntryPoint\",\"urlTemplate\":\"https:\\\/\\\/www.morbylanga.se\\\/ungnytt\\\/?s={search_term_string}\"},\"query-input\":{\"@type\":\"PropertyValueSpecification\",\"valueRequired\":true,\"valueName\":\"search_term_string\"}}],\"inLanguage\":\"sv-SE\"}]}<\/script>\n<!-- \/ Yoast SEO plugin. -->","yoast_head_json":{"title":"Startsida - UngNytt","description":"Nyheter f\u00f6r och av unga! H\u00e4r hittar du nyheter, artiklar och aktiviteter f\u00f6r dig som \u00e4r ung och bor h\u00e4r i M\u00f6rbyl\u00e5nga kommun p\u00e5 \u00d6land.","robots":{"index":"index","follow":"follow","max-snippet":"max-snippet:-1","max-image-preview":"max-image-preview:large","max-video-preview":"max-video-preview:-1"},"canonical":"https:\/\/www.morbylanga.se\/ungnytt\/","og_locale":"sv_SE","og_type":"article","og_title":"Startsida - UngNytt","og_description":"Nyheter f\u00f6r och av unga! H\u00e4r hittar du nyheter, artiklar och aktiviteter f\u00f6r dig som \u00e4r ung och bor h\u00e4r i M\u00f6rbyl\u00e5nga kommun p\u00e5 \u00d6land.","og_url":"https:\/\/www.morbylanga.se\/ungnytt\/","og_site_name":"UngNytt","article_modified_time":"2026-04-13T08:56:23+00:00","og_image":[{"width":2560,"height":1707,"url":"https:\/\/www.morbylanga.se\/ungnytt\/wp-content\/uploads\/2024\/04\/28352818-multiethnic-young-people-guys-and-girls-laughing-and-scaled.jpg","type":"image\/jpeg"}],"twitter_card":"summary_large_image","twitter_misc":{"Ber\u00e4knad l\u00e4stid":"1 minut"},"schema":{"@context":"https:\/\/schema.org","@graph":[{"@type":"WebPage","@id":"https:\/\/www.morbylanga.se\/ungnytt\/","url":"https:\/\/www.morbylanga.se\/ungnytt\/","name":"Startsida - UngNytt","isPartOf":{"@id":"https:\/\/www.morbylanga.se\/ungnytt\/#website"},"primaryImageOfPage":{"@id":"https:\/\/www.morbylanga.se\/ungnytt\/#primaryimage"},"image":{"@id":"https:\/\/www.morbylanga.se\/ungnytt\/#primaryimage"},"thumbnailUrl":"https:\/\/www.morbylanga.se\/ungnytt\/wp-content\/uploads\/2024\/04\/28352818-multiethnic-young-people-guys-and-girls-laughing-and-scaled.jpg","datePublished":"2024-01-30T14:14:15+00:00","dateModified":"2026-04-13T08:56:23+00:00","description":"Nyheter f\u00f6r och av unga! H\u00e4r hittar du nyheter, artiklar och aktiviteter f\u00f6r dig som \u00e4r ung och bor h\u00e4r i M\u00f6rbyl\u00e5nga kommun p\u00e5 \u00d6land.","breadcrumb":{"@id":"https:\/\/www.morbylanga.se\/ungnytt\/#breadcrumb"},"inLanguage":"sv-SE","potentialAction":[{"@type":"ReadAction","target":["https:\/\/www.morbylanga.se\/ungnytt\/"]}]},{"@type":"ImageObject","inLanguage":"sv-SE","@id":"https:\/\/www.morbylanga.se\/ungnytt\/#primaryimage","url":"https:\/\/www.morbylanga.se\/ungnytt\/wp-content\/uploads\/2024\/04\/28352818-multiethnic-young-people-guys-and-girls-laughing-and-scaled.jpg","contentUrl":"https:\/\/www.morbylanga.se\/ungnytt\/wp-content\/uploads\/2024\/04\/28352818-multiethnic-young-people-guys-and-girls-laughing-and-scaled.jpg","width":2560,"height":1707,"caption":"Unga m\u00e4nniskor av olika etniciteter, b\u00e5de killar och tjejer, skrattar och ligger p\u00e5 en filt i en cirkel utomhus."},{"@type":"BreadcrumbList","@id":"https:\/\/www.morbylanga.se\/ungnytt\/#breadcrumb","itemListElement":[{"@type":"ListItem","position":1,"name":"Hem","item":"https:\/\/www.morbylanga.se\/ungnytt\/"},{"@type":"ListItem","position":2,"name":"Startsida"}]},{"@type":"WebSite","@id":"https:\/\/www.morbylanga.se\/ungnytt\/#website","url":"https:\/\/www.morbylanga.se\/ungnytt\/","name":"UngNytt","description":"Nyheter f\u00f6r och av unga i M\u00f6rbyl\u00e5nga kommun","potentialAction":[{"@type":"SearchAction","target":{"@type":"EntryPoint","urlTemplate":"https:\/\/www.morbylanga.se\/ungnytt\/?s={search_term_string}"},"query-input":{"@type":"PropertyValueSpecification","valueRequired":true,"valueName":"search_term_string"}}],"inLanguage":"sv-SE"}]}},"_links":{"self":[{"href":"https:\/\/www.morbylanga.se\/ungnytt\/wp-json\/wp\/v2\/pages\/8","targetHints":{"allow":["GET"]}}],"collection":[{"href":"https:\/\/www.morbylanga.se\/ungnytt\/wp-json\/wp\/v2\/pages"}],"about":[{"href":"https:\/\/www.morbylanga.se\/ungnytt\/wp-json\/wp\/v2\/types\/page"}],"author":[{"embeddable":true,"href":"https:\/\/www.morbylanga.se\/ungnytt\/wp-json\/wp\/v2\/users\/1"}],"replies":[{"embeddable":true,"href":"https:\/\/www.morbylanga.se\/ungnytt\/wp-json\/wp\/v2\/comments?post=8"}],"version-history":[{"count":141,"href":"https:\/\/www.morbylanga.se\/ungnytt\/wp-json\/wp\/v2\/pages\/8\/revisions"}],"predecessor-version":[{"id":1575,"href":"https:\/\/www.morbylanga.se\/ungnytt\/wp-json\/wp\/v2\/pages\/8\/revisions\/1575"}],"wp:featuredmedia":[{"embeddable":true,"href":"https:\/\/www.morbylanga.se\/ungnytt\/wp-json\/wp\/v2\/media\/493"}],"wp:attachment":[{"href":"https:\/\/www.morbylanga.se\/ungnytt\/wp-json\/wp\/v2\/media?parent=8"}],"curies":[{"name":"wp","href":"https:\/\/api.w.org\/{rel}","templated":true}]}}