{"id":151,"date":"2024-02-26T13:26:47","date_gmt":"2024-02-26T12:26:47","guid":{"rendered":"https:\/\/morbylanga-ungnytt.vivamedia.dev\/?page_id=151"},"modified":"2024-11-05T13:16:21","modified_gmt":"2024-11-05T12:16:21","slug":"fritidsgarden","status":"publish","type":"page","link":"https:\/\/www.morbylanga.se\/ungnytt\/fritidsgarden\/","title":{"rendered":"Fritidsg\u00e5rden \u2013 \u00f6ppet f\u00f6r alla!"},"content":{"rendered":"<h2>Hitta till oss<\/h2>\n<p>&nbsp;<\/p>\n","protected":false},"excerpt":{"rendered":"<p>Hitta till oss &nbsp;<\/p>\n","protected":false},"author":3,"featured_media":170,"parent":0,"menu_order":4,"comment_status":"closed","ping_status":"closed","template":"page_sections.php","meta":{"_acf_changed":false,"footnotes":""},"class_list":["post-151","page","type-page","status-publish","has-post-thumbnail","hentry","page_information_owner-bildningsforvaltningen"],"acf":{"preamble":"Vad ska du g\u00f6ra p\u00e5 fritiden? Kom till Fritidsg\u00e5rden f\u00f6r roliga aktiviteter och h\u00e4ng med v\u00e4nner. "},"yoast_head":"<!-- This site is optimized with the Yoast SEO plugin v27.2 - https:\/\/yoast.com\/product\/yoast-seo-wordpress\/ -->\n<title>Fritidsg\u00e5rden \u2013 \u00f6ppet f\u00f6r alla! - UngNytt<\/title>\n<meta name=\"description\" content=\"Funderar du p\u00e5 vad du ska g\u00f6ra p\u00e5 fritiden. H\u00e4r finns information om v\u00e5ra fritidsg\u00e5rdar och digitala m\u00f6tesplats!\" \/>\n<meta name=\"robots\" content=\"index, follow, max-snippet:-1, max-image-preview:large, max-video-preview:-1\" \/>\n<link rel=\"canonical\" href=\"https:\/\/www.morbylanga.se\/ungnytt\/fritidsgarden\/\" \/>\n<meta property=\"og:locale\" content=\"sv_SE\" \/>\n<meta property=\"og:type\" content=\"article\" \/>\n<meta property=\"og:title\" content=\"Fritidsg\u00e5rden \u2013 \u00f6ppet f\u00f6r alla! - UngNytt\" \/>\n<meta property=\"og:description\" content=\"Funderar du p\u00e5 vad du ska g\u00f6ra p\u00e5 fritiden. H\u00e4r finns information om v\u00e5ra fritidsg\u00e5rdar och digitala m\u00f6tesplats!\" \/>\n<meta property=\"og:url\" content=\"https:\/\/www.morbylanga.se\/ungnytt\/fritidsgarden\/\" \/>\n<meta property=\"og:site_name\" content=\"UngNytt\" \/>\n<meta property=\"article:modified_time\" content=\"2024-11-05T12:16:21+00:00\" \/>\n<meta property=\"og:image\" content=\"https:\/\/www.morbylanga.se\/ungnytt\/wp-content\/uploads\/2024\/02\/37510498-happy-friends-elebration-beach-party-summer-scaled-e1708950796233.jpg\" \/>\n\t<meta property=\"og:image:width\" content=\"2560\" \/>\n\t<meta property=\"og:image:height\" content=\"1557\" \/>\n\t<meta property=\"og:image:type\" content=\"image\/jpeg\" \/>\n<meta name=\"twitter:card\" content=\"summary_large_image\" \/>\n<meta name=\"twitter:label1\" content=\"Ber\u00e4knad l\u00e4stid\" \/>\n\t<meta name=\"twitter:data1\" content=\"1 minut\" \/>\n<script type=\"application\/ld+json\" class=\"yoast-schema-graph\">{\"@context\":\"https:\/\/schema.org\",\"@graph\":[{\"@type\":\"WebPage\",\"@id\":\"https:\/\/www.morbylanga.se\/ungnytt\/fritidsgarden\/\",\"url\":\"https:\/\/www.morbylanga.se\/ungnytt\/fritidsgarden\/\",\"name\":\"Fritidsg\u00e5rden \u2013 \u00f6ppet f\u00f6r alla! - UngNytt\",\"isPartOf\":{\"@id\":\"https:\/\/www.morbylanga.se\/ungnytt\/#website\"},\"primaryImageOfPage\":{\"@id\":\"https:\/\/www.morbylanga.se\/ungnytt\/fritidsgarden\/#primaryimage\"},\"image\":{\"@id\":\"https:\/\/www.morbylanga.se\/ungnytt\/fritidsgarden\/#primaryimage\"},\"thumbnailUrl\":\"https:\/\/www.morbylanga.se\/ungnytt\/wp-content\/uploads\/2024\/02\/37510498-happy-friends-elebration-beach-party-summer-scaled-e1708950796233.jpg\",\"datePublished\":\"2024-02-26T12:26:47+00:00\",\"dateModified\":\"2024-11-05T12:16:21+00:00\",\"description\":\"Funderar du p\u00e5 vad du ska g\u00f6ra p\u00e5 fritiden. H\u00e4r finns information om v\u00e5ra fritidsg\u00e5rdar och digitala m\u00f6tesplats!\",\"breadcrumb\":{\"@id\":\"https:\/\/www.morbylanga.se\/ungnytt\/fritidsgarden\/#breadcrumb\"},\"inLanguage\":\"sv-SE\",\"potentialAction\":[{\"@type\":\"ReadAction\",\"target\":[\"https:\/\/www.morbylanga.se\/ungnytt\/fritidsgarden\/\"]}]},{\"@type\":\"ImageObject\",\"inLanguage\":\"sv-SE\",\"@id\":\"https:\/\/www.morbylanga.se\/ungnytt\/fritidsgarden\/#primaryimage\",\"url\":\"https:\/\/www.morbylanga.se\/ungnytt\/wp-content\/uploads\/2024\/02\/37510498-happy-friends-elebration-beach-party-summer-scaled-e1708950796233.jpg\",\"contentUrl\":\"https:\/\/www.morbylanga.se\/ungnytt\/wp-content\/uploads\/2024\/02\/37510498-happy-friends-elebration-beach-party-summer-scaled-e1708950796233.jpg\",\"width\":2560,\"height\":1557,\"caption\":\"Glada ungdomar str\u00e4cker upp h\u00e4nderna i luften.\"},{\"@type\":\"BreadcrumbList\",\"@id\":\"https:\/\/www.morbylanga.se\/ungnytt\/fritidsgarden\/#breadcrumb\",\"itemListElement\":[{\"@type\":\"ListItem\",\"position\":1,\"name\":\"Hem\",\"item\":\"https:\/\/www.morbylanga.se\/ungnytt\/\"},{\"@type\":\"ListItem\",\"position\":2,\"name\":\"Fritidsg\u00e5rden \u2013 \u00f6ppet f\u00f6r alla!\"}]},{\"@type\":\"WebSite\",\"@id\":\"https:\/\/www.morbylanga.se\/ungnytt\/#website\",\"url\":\"https:\/\/www.morbylanga.se\/ungnytt\/\",\"name\":\"UngNytt\",\"description\":\"Nyheter f\u00f6r och av unga i M\u00f6rbyl\u00e5nga kommun\",\"potentialAction\":[{\"@type\":\"SearchAction\",\"target\":{\"@type\":\"EntryPoint\",\"urlTemplate\":\"https:\/\/www.morbylanga.se\/ungnytt\/?s={search_term_string}\"},\"query-input\":{\"@type\":\"PropertyValueSpecification\",\"valueRequired\":true,\"valueName\":\"search_term_string\"}}],\"inLanguage\":\"sv-SE\"}]}<\/script>\n<!-- \/ Yoast SEO plugin. -->","yoast_head_json":{"title":"Fritidsg\u00e5rden \u2013 \u00f6ppet f\u00f6r alla! - UngNytt","description":"Funderar du p\u00e5 vad du ska g\u00f6ra p\u00e5 fritiden. H\u00e4r finns information om v\u00e5ra fritidsg\u00e5rdar och digitala m\u00f6tesplats!","robots":{"index":"index","follow":"follow","max-snippet":"max-snippet:-1","max-image-preview":"max-image-preview:large","max-video-preview":"max-video-preview:-1"},"canonical":"https:\/\/www.morbylanga.se\/ungnytt\/fritidsgarden\/","og_locale":"sv_SE","og_type":"article","og_title":"Fritidsg\u00e5rden \u2013 \u00f6ppet f\u00f6r alla! - UngNytt","og_description":"Funderar du p\u00e5 vad du ska g\u00f6ra p\u00e5 fritiden. H\u00e4r finns information om v\u00e5ra fritidsg\u00e5rdar och digitala m\u00f6tesplats!","og_url":"https:\/\/www.morbylanga.se\/ungnytt\/fritidsgarden\/","og_site_name":"UngNytt","article_modified_time":"2024-11-05T12:16:21+00:00","og_image":[{"width":2560,"height":1557,"url":"https:\/\/www.morbylanga.se\/ungnytt\/wp-content\/uploads\/2024\/02\/37510498-happy-friends-elebration-beach-party-summer-scaled-e1708950796233.jpg","type":"image\/jpeg"}],"twitter_card":"summary_large_image","twitter_misc":{"Ber\u00e4knad l\u00e4stid":"1 minut"},"schema":{"@context":"https:\/\/schema.org","@graph":[{"@type":"WebPage","@id":"https:\/\/www.morbylanga.se\/ungnytt\/fritidsgarden\/","url":"https:\/\/www.morbylanga.se\/ungnytt\/fritidsgarden\/","name":"Fritidsg\u00e5rden \u2013 \u00f6ppet f\u00f6r alla! - UngNytt","isPartOf":{"@id":"https:\/\/www.morbylanga.se\/ungnytt\/#website"},"primaryImageOfPage":{"@id":"https:\/\/www.morbylanga.se\/ungnytt\/fritidsgarden\/#primaryimage"},"image":{"@id":"https:\/\/www.morbylanga.se\/ungnytt\/fritidsgarden\/#primaryimage"},"thumbnailUrl":"https:\/\/www.morbylanga.se\/ungnytt\/wp-content\/uploads\/2024\/02\/37510498-happy-friends-elebration-beach-party-summer-scaled-e1708950796233.jpg","datePublished":"2024-02-26T12:26:47+00:00","dateModified":"2024-11-05T12:16:21+00:00","description":"Funderar du p\u00e5 vad du ska g\u00f6ra p\u00e5 fritiden. H\u00e4r finns information om v\u00e5ra fritidsg\u00e5rdar och digitala m\u00f6tesplats!","breadcrumb":{"@id":"https:\/\/www.morbylanga.se\/ungnytt\/fritidsgarden\/#breadcrumb"},"inLanguage":"sv-SE","potentialAction":[{"@type":"ReadAction","target":["https:\/\/www.morbylanga.se\/ungnytt\/fritidsgarden\/"]}]},{"@type":"ImageObject","inLanguage":"sv-SE","@id":"https:\/\/www.morbylanga.se\/ungnytt\/fritidsgarden\/#primaryimage","url":"https:\/\/www.morbylanga.se\/ungnytt\/wp-content\/uploads\/2024\/02\/37510498-happy-friends-elebration-beach-party-summer-scaled-e1708950796233.jpg","contentUrl":"https:\/\/www.morbylanga.se\/ungnytt\/wp-content\/uploads\/2024\/02\/37510498-happy-friends-elebration-beach-party-summer-scaled-e1708950796233.jpg","width":2560,"height":1557,"caption":"Glada ungdomar str\u00e4cker upp h\u00e4nderna i luften."},{"@type":"BreadcrumbList","@id":"https:\/\/www.morbylanga.se\/ungnytt\/fritidsgarden\/#breadcrumb","itemListElement":[{"@type":"ListItem","position":1,"name":"Hem","item":"https:\/\/www.morbylanga.se\/ungnytt\/"},{"@type":"ListItem","position":2,"name":"Fritidsg\u00e5rden \u2013 \u00f6ppet f\u00f6r alla!"}]},{"@type":"WebSite","@id":"https:\/\/www.morbylanga.se\/ungnytt\/#website","url":"https:\/\/www.morbylanga.se\/ungnytt\/","name":"UngNytt","description":"Nyheter f\u00f6r och av unga i M\u00f6rbyl\u00e5nga kommun","potentialAction":[{"@type":"SearchAction","target":{"@type":"EntryPoint","urlTemplate":"https:\/\/www.morbylanga.se\/ungnytt\/?s={search_term_string}"},"query-input":{"@type":"PropertyValueSpecification","valueRequired":true,"valueName":"search_term_string"}}],"inLanguage":"sv-SE"}]}},"_links":{"self":[{"href":"https:\/\/www.morbylanga.se\/ungnytt\/wp-json\/wp\/v2\/pages\/151","targetHints":{"allow":["GET"]}}],"collection":[{"href":"https:\/\/www.morbylanga.se\/ungnytt\/wp-json\/wp\/v2\/pages"}],"about":[{"href":"https:\/\/www.morbylanga.se\/ungnytt\/wp-json\/wp\/v2\/types\/page"}],"author":[{"embeddable":true,"href":"https:\/\/www.morbylanga.se\/ungnytt\/wp-json\/wp\/v2\/users\/3"}],"replies":[{"embeddable":true,"href":"https:\/\/www.morbylanga.se\/ungnytt\/wp-json\/wp\/v2\/comments?post=151"}],"version-history":[{"count":33,"href":"https:\/\/www.morbylanga.se\/ungnytt\/wp-json\/wp\/v2\/pages\/151\/revisions"}],"predecessor-version":[{"id":932,"href":"https:\/\/www.morbylanga.se\/ungnytt\/wp-json\/wp\/v2\/pages\/151\/revisions\/932"}],"wp:featuredmedia":[{"embeddable":true,"href":"https:\/\/www.morbylanga.se\/ungnytt\/wp-json\/wp\/v2\/media\/170"}],"wp:attachment":[{"href":"https:\/\/www.morbylanga.se\/ungnytt\/wp-json\/wp\/v2\/media?parent=151"}],"curies":[{"name":"wp","href":"https:\/\/api.w.org\/{rel}","templated":true}]}}