{"id":149,"date":"2024-02-29T12:21:51","date_gmt":"2024-02-29T11:21:51","guid":{"rendered":"https:\/\/morbylanga-ungnytt.vivamedia.dev\/?page_id=149"},"modified":"2024-06-19T07:33:46","modified_gmt":"2024-06-19T05:33:46","slug":"behover-hjalp","status":"publish","type":"page","link":"https:\/\/www.morbylanga.se\/ungnytt\/behover-hjalp\/","title":{"rendered":"Vi alla beh\u00f6ver hj\u00e4lp ibland"},"content":{"rendered":"<h3><\/h3>\n<p>&nbsp;<\/p>\n","protected":false},"excerpt":{"rendered":"<p>&nbsp;<\/p>\n","protected":false},"author":3,"featured_media":180,"parent":0,"menu_order":3,"comment_status":"closed","ping_status":"closed","template":"page_sections.php","meta":{"_acf_changed":false,"footnotes":""},"class_list":["post-149","page","type-page","status-publish","has-post-thumbnail","hentry","page_information_owner-hallbar-utveckling"],"acf":{"preamble":"Kanske k\u00e4nner du oro \u00f6ver din egen eller n\u00e5gon annans vardag? P\u00e5 den h\u00e4r sidan kan du hitta st\u00e4llen dit du kan v\u00e4nda dig f\u00f6r att f\u00e5 hj\u00e4lp. "},"yoast_head":"<!-- This site is optimized with the Yoast SEO plugin v27.2 - https:\/\/yoast.com\/product\/yoast-seo-wordpress\/ -->\n<title>Vi alla beh\u00f6ver hj\u00e4lp ibland - UngNytt<\/title>\n<meta name=\"description\" content=\"Kanske k\u00e4nner du oro \u00f6ver din egen eller n\u00e5gon annans vardag? P\u00e5 den h\u00e4r sidan kan du hitta st\u00e4llen dit du kan v\u00e4nda dig f\u00f6r att f\u00e5 hj\u00e4lp.\" \/>\n<meta name=\"robots\" content=\"index, follow, max-snippet:-1, max-image-preview:large, max-video-preview:-1\" \/>\n<link rel=\"canonical\" href=\"https:\/\/www.morbylanga.se\/ungnytt\/behover-hjalp\/\" \/>\n<meta property=\"og:locale\" content=\"sv_SE\" \/>\n<meta property=\"og:type\" content=\"article\" \/>\n<meta property=\"og:title\" content=\"Vi alla beh\u00f6ver hj\u00e4lp ibland - UngNytt\" \/>\n<meta property=\"og:description\" content=\"Kanske k\u00e4nner du oro \u00f6ver din egen eller n\u00e5gon annans vardag? P\u00e5 den h\u00e4r sidan kan du hitta st\u00e4llen dit du kan v\u00e4nda dig f\u00f6r att f\u00e5 hj\u00e4lp.\" \/>\n<meta property=\"og:url\" content=\"https:\/\/www.morbylanga.se\/ungnytt\/behover-hjalp\/\" \/>\n<meta property=\"og:site_name\" content=\"UngNytt\" \/>\n<meta property=\"article:modified_time\" content=\"2024-06-19T05:33:46+00:00\" \/>\n<meta property=\"og:image\" content=\"https:\/\/www.morbylanga.se\/ungnytt\/wp-content\/uploads\/2024\/02\/f9575593rf-original-1122127-1024x683.jpg\" \/>\n\t<meta property=\"og:image:width\" content=\"1024\" \/>\n\t<meta property=\"og:image:height\" content=\"683\" \/>\n\t<meta property=\"og:image:type\" content=\"image\/jpeg\" \/>\n<meta name=\"twitter:card\" content=\"summary_large_image\" \/>\n<meta name=\"twitter:label1\" content=\"Ber\u00e4knad l\u00e4stid\" \/>\n\t<meta name=\"twitter:data1\" content=\"1 minut\" \/>\n<script type=\"application\/ld+json\" class=\"yoast-schema-graph\">{\"@context\":\"https:\/\/schema.org\",\"@graph\":[{\"@type\":\"WebPage\",\"@id\":\"https:\/\/www.morbylanga.se\/ungnytt\/behover-hjalp\/\",\"url\":\"https:\/\/www.morbylanga.se\/ungnytt\/behover-hjalp\/\",\"name\":\"Vi alla beh\u00f6ver hj\u00e4lp ibland - UngNytt\",\"isPartOf\":{\"@id\":\"https:\/\/www.morbylanga.se\/ungnytt\/#website\"},\"primaryImageOfPage\":{\"@id\":\"https:\/\/www.morbylanga.se\/ungnytt\/behover-hjalp\/#primaryimage\"},\"image\":{\"@id\":\"https:\/\/www.morbylanga.se\/ungnytt\/behover-hjalp\/#primaryimage\"},\"thumbnailUrl\":\"https:\/\/www.morbylanga.se\/ungnytt\/wp-content\/uploads\/2024\/02\/f9575593rf-original-1122127.jpg\",\"datePublished\":\"2024-02-29T11:21:51+00:00\",\"dateModified\":\"2024-06-19T05:33:46+00:00\",\"description\":\"Kanske k\u00e4nner du oro \u00f6ver din egen eller n\u00e5gon annans vardag? P\u00e5 den h\u00e4r sidan kan du hitta st\u00e4llen dit du kan v\u00e4nda dig f\u00f6r att f\u00e5 hj\u00e4lp.\",\"breadcrumb\":{\"@id\":\"https:\/\/www.morbylanga.se\/ungnytt\/behover-hjalp\/#breadcrumb\"},\"inLanguage\":\"sv-SE\",\"potentialAction\":[{\"@type\":\"ReadAction\",\"target\":[\"https:\/\/www.morbylanga.se\/ungnytt\/behover-hjalp\/\"]}]},{\"@type\":\"ImageObject\",\"inLanguage\":\"sv-SE\",\"@id\":\"https:\/\/www.morbylanga.se\/ungnytt\/behover-hjalp\/#primaryimage\",\"url\":\"https:\/\/www.morbylanga.se\/ungnytt\/wp-content\/uploads\/2024\/02\/f9575593rf-original-1122127.jpg\",\"contentUrl\":\"https:\/\/www.morbylanga.se\/ungnytt\/wp-content\/uploads\/2024\/02\/f9575593rf-original-1122127.jpg\",\"width\":2500,\"height\":1667,\"caption\":\"Ung person samtalar med en vuxen kvinna.\"},{\"@type\":\"BreadcrumbList\",\"@id\":\"https:\/\/www.morbylanga.se\/ungnytt\/behover-hjalp\/#breadcrumb\",\"itemListElement\":[{\"@type\":\"ListItem\",\"position\":1,\"name\":\"Hem\",\"item\":\"https:\/\/www.morbylanga.se\/ungnytt\/\"},{\"@type\":\"ListItem\",\"position\":2,\"name\":\"Vi alla beh\u00f6ver hj\u00e4lp ibland\"}]},{\"@type\":\"WebSite\",\"@id\":\"https:\/\/www.morbylanga.se\/ungnytt\/#website\",\"url\":\"https:\/\/www.morbylanga.se\/ungnytt\/\",\"name\":\"UngNytt\",\"description\":\"Nyheter f\u00f6r och av unga i M\u00f6rbyl\u00e5nga kommun\",\"potentialAction\":[{\"@type\":\"SearchAction\",\"target\":{\"@type\":\"EntryPoint\",\"urlTemplate\":\"https:\/\/www.morbylanga.se\/ungnytt\/?s={search_term_string}\"},\"query-input\":{\"@type\":\"PropertyValueSpecification\",\"valueRequired\":true,\"valueName\":\"search_term_string\"}}],\"inLanguage\":\"sv-SE\"}]}<\/script>\n<!-- \/ Yoast SEO plugin. -->","yoast_head_json":{"title":"Vi alla beh\u00f6ver hj\u00e4lp ibland - UngNytt","description":"Kanske k\u00e4nner du oro \u00f6ver din egen eller n\u00e5gon annans vardag? P\u00e5 den h\u00e4r sidan kan du hitta st\u00e4llen dit du kan v\u00e4nda dig f\u00f6r att f\u00e5 hj\u00e4lp.","robots":{"index":"index","follow":"follow","max-snippet":"max-snippet:-1","max-image-preview":"max-image-preview:large","max-video-preview":"max-video-preview:-1"},"canonical":"https:\/\/www.morbylanga.se\/ungnytt\/behover-hjalp\/","og_locale":"sv_SE","og_type":"article","og_title":"Vi alla beh\u00f6ver hj\u00e4lp ibland - UngNytt","og_description":"Kanske k\u00e4nner du oro \u00f6ver din egen eller n\u00e5gon annans vardag? P\u00e5 den h\u00e4r sidan kan du hitta st\u00e4llen dit du kan v\u00e4nda dig f\u00f6r att f\u00e5 hj\u00e4lp.","og_url":"https:\/\/www.morbylanga.se\/ungnytt\/behover-hjalp\/","og_site_name":"UngNytt","article_modified_time":"2024-06-19T05:33:46+00:00","og_image":[{"width":1024,"height":683,"url":"https:\/\/www.morbylanga.se\/ungnytt\/wp-content\/uploads\/2024\/02\/f9575593rf-original-1122127-1024x683.jpg","type":"image\/jpeg"}],"twitter_card":"summary_large_image","twitter_misc":{"Ber\u00e4knad l\u00e4stid":"1 minut"},"schema":{"@context":"https:\/\/schema.org","@graph":[{"@type":"WebPage","@id":"https:\/\/www.morbylanga.se\/ungnytt\/behover-hjalp\/","url":"https:\/\/www.morbylanga.se\/ungnytt\/behover-hjalp\/","name":"Vi alla beh\u00f6ver hj\u00e4lp ibland - UngNytt","isPartOf":{"@id":"https:\/\/www.morbylanga.se\/ungnytt\/#website"},"primaryImageOfPage":{"@id":"https:\/\/www.morbylanga.se\/ungnytt\/behover-hjalp\/#primaryimage"},"image":{"@id":"https:\/\/www.morbylanga.se\/ungnytt\/behover-hjalp\/#primaryimage"},"thumbnailUrl":"https:\/\/www.morbylanga.se\/ungnytt\/wp-content\/uploads\/2024\/02\/f9575593rf-original-1122127.jpg","datePublished":"2024-02-29T11:21:51+00:00","dateModified":"2024-06-19T05:33:46+00:00","description":"Kanske k\u00e4nner du oro \u00f6ver din egen eller n\u00e5gon annans vardag? P\u00e5 den h\u00e4r sidan kan du hitta st\u00e4llen dit du kan v\u00e4nda dig f\u00f6r att f\u00e5 hj\u00e4lp.","breadcrumb":{"@id":"https:\/\/www.morbylanga.se\/ungnytt\/behover-hjalp\/#breadcrumb"},"inLanguage":"sv-SE","potentialAction":[{"@type":"ReadAction","target":["https:\/\/www.morbylanga.se\/ungnytt\/behover-hjalp\/"]}]},{"@type":"ImageObject","inLanguage":"sv-SE","@id":"https:\/\/www.morbylanga.se\/ungnytt\/behover-hjalp\/#primaryimage","url":"https:\/\/www.morbylanga.se\/ungnytt\/wp-content\/uploads\/2024\/02\/f9575593rf-original-1122127.jpg","contentUrl":"https:\/\/www.morbylanga.se\/ungnytt\/wp-content\/uploads\/2024\/02\/f9575593rf-original-1122127.jpg","width":2500,"height":1667,"caption":"Ung person samtalar med en vuxen kvinna."},{"@type":"BreadcrumbList","@id":"https:\/\/www.morbylanga.se\/ungnytt\/behover-hjalp\/#breadcrumb","itemListElement":[{"@type":"ListItem","position":1,"name":"Hem","item":"https:\/\/www.morbylanga.se\/ungnytt\/"},{"@type":"ListItem","position":2,"name":"Vi alla beh\u00f6ver hj\u00e4lp ibland"}]},{"@type":"WebSite","@id":"https:\/\/www.morbylanga.se\/ungnytt\/#website","url":"https:\/\/www.morbylanga.se\/ungnytt\/","name":"UngNytt","description":"Nyheter f\u00f6r och av unga i M\u00f6rbyl\u00e5nga kommun","potentialAction":[{"@type":"SearchAction","target":{"@type":"EntryPoint","urlTemplate":"https:\/\/www.morbylanga.se\/ungnytt\/?s={search_term_string}"},"query-input":{"@type":"PropertyValueSpecification","valueRequired":true,"valueName":"search_term_string"}}],"inLanguage":"sv-SE"}]}},"_links":{"self":[{"href":"https:\/\/www.morbylanga.se\/ungnytt\/wp-json\/wp\/v2\/pages\/149","targetHints":{"allow":["GET"]}}],"collection":[{"href":"https:\/\/www.morbylanga.se\/ungnytt\/wp-json\/wp\/v2\/pages"}],"about":[{"href":"https:\/\/www.morbylanga.se\/ungnytt\/wp-json\/wp\/v2\/types\/page"}],"author":[{"embeddable":true,"href":"https:\/\/www.morbylanga.se\/ungnytt\/wp-json\/wp\/v2\/users\/3"}],"replies":[{"embeddable":true,"href":"https:\/\/www.morbylanga.se\/ungnytt\/wp-json\/wp\/v2\/comments?post=149"}],"version-history":[{"count":16,"href":"https:\/\/www.morbylanga.se\/ungnytt\/wp-json\/wp\/v2\/pages\/149\/revisions"}],"predecessor-version":[{"id":698,"href":"https:\/\/www.morbylanga.se\/ungnytt\/wp-json\/wp\/v2\/pages\/149\/revisions\/698"}],"wp:featuredmedia":[{"embeddable":true,"href":"https:\/\/www.morbylanga.se\/ungnytt\/wp-json\/wp\/v2\/media\/180"}],"wp:attachment":[{"href":"https:\/\/www.morbylanga.se\/ungnytt\/wp-json\/wp\/v2\/media?parent=149"}],"curies":[{"name":"wp","href":"https:\/\/api.w.org\/{rel}","templated":true}]}}